{"id":2837,"date":"2026-03-22T14:52:41","date_gmt":"2026-03-22T14:52:41","guid":{"rendered":"https:\/\/skg-ober-beerbach.de\/?page_id=2837"},"modified":"2026-03-22T14:59:52","modified_gmt":"2026-03-22T14:59:52","slug":"kids-oster-event","status":"publish","type":"page","link":"https:\/\/skg-ober-beerbach.de\/?page_id=2837","title":{"rendered":"Kids Oster-Event"},"content":{"rendered":"\t\t<div data-elementor-type=\"wp-page\" data-elementor-id=\"2837\" class=\"elementor elementor-2837\">\n\t\t\t\t<div class=\"elementor-element elementor-element-ae1b4d3 e-con-full e-flex e-con e-parent\" data-id=\"ae1b4d3\" data-element_type=\"container\" data-e-type=\"container\" data-settings=\"{&quot;shape_divider_top&quot;:&quot;mountains&quot;,&quot;shape_divider_bottom&quot;:&quot;mountains&quot;,&quot;background_background&quot;:&quot;gradient&quot;}\">\n\t\t\t\t<div class=\"elementor-shape elementor-shape-top\" aria-hidden=\"true\" data-negative=\"false\">\n\t\t\t<svg xmlns=\"http:\/\/www.w3.org\/2000\/svg\" viewBox=\"0 0 1000 100\" preserveAspectRatio=\"none\">\n\t<path class=\"elementor-shape-fill\" opacity=\"0.33\" d=\"M473,67.3c-203.9,88.3-263.1-34-320.3,0C66,119.1,0,59.7,0,59.7V0h1000v59.7 c0,0-62.1,26.1-94.9,29.3c-32.8,3.3-62.8-12.3-75.8-22.1C806,49.6,745.3,8.7,694.9,4.7S492.4,59,473,67.3z\"\/>\n\t<path class=\"elementor-shape-fill\" opacity=\"0.66\" d=\"M734,67.3c-45.5,0-77.2-23.2-129.1-39.1c-28.6-8.7-150.3-10.1-254,39.1 s-91.7-34.4-149.2,0C115.7,118.3,0,39.8,0,39.8V0h1000v36.5c0,0-28.2-18.5-92.1-18.5C810.2,18.1,775.7,67.3,734,67.3z\"\/>\n\t<path class=\"elementor-shape-fill\" d=\"M766.1,28.9c-200-57.5-266,65.5-395.1,19.5C242,1.8,242,5.4,184.8,20.6C128,35.8,132.3,44.9,89.9,52.5C28.6,63.7,0,0,0,0 h1000c0,0-9.9,40.9-83.6,48.1S829.6,47,766.1,28.9z\"\/>\n<\/svg>\t\t<\/div>\n\t\t\t\t<div class=\"elementor-shape elementor-shape-bottom\" aria-hidden=\"true\" data-negative=\"false\">\n\t\t\t<svg xmlns=\"http:\/\/www.w3.org\/2000\/svg\" viewBox=\"0 0 1000 100\" preserveAspectRatio=\"none\">\n\t<path class=\"elementor-shape-fill\" opacity=\"0.33\" d=\"M473,67.3c-203.9,88.3-263.1-34-320.3,0C66,119.1,0,59.7,0,59.7V0h1000v59.7 c0,0-62.1,26.1-94.9,29.3c-32.8,3.3-62.8-12.3-75.8-22.1C806,49.6,745.3,8.7,694.9,4.7S492.4,59,473,67.3z\"\/>\n\t<path class=\"elementor-shape-fill\" opacity=\"0.66\" d=\"M734,67.3c-45.5,0-77.2-23.2-129.1-39.1c-28.6-8.7-150.3-10.1-254,39.1 s-91.7-34.4-149.2,0C115.7,118.3,0,39.8,0,39.8V0h1000v36.5c0,0-28.2-18.5-92.1-18.5C810.2,18.1,775.7,67.3,734,67.3z\"\/>\n\t<path class=\"elementor-shape-fill\" d=\"M766.1,28.9c-200-57.5-266,65.5-395.1,19.5C242,1.8,242,5.4,184.8,20.6C128,35.8,132.3,44.9,89.9,52.5C28.6,63.7,0,0,0,0 h1000c0,0-9.9,40.9-83.6,48.1S829.6,47,766.1,28.9z\"\/>\n<\/svg>\t\t<\/div>\n\t\t<div class=\"elementor-element elementor-element-c927915 e-flex e-con-boxed e-con e-child\" data-id=\"c927915\" data-element_type=\"container\" data-e-type=\"container\">\n\t\t\t\t\t<div class=\"e-con-inner\">\n\t\t\t\t<div class=\"elementor-element elementor-element-adf6fb2 elementor-widget elementor-widget-heading\" data-id=\"adf6fb2\" data-element_type=\"widget\" data-e-type=\"widget\" data-widget_type=\"heading.default\">\n\t\t\t\t<div class=\"elementor-widget-container\">\n\t\t\t\t\t<h2 class=\"elementor-heading-title elementor-size-default\">Bereits 2025 mit Begeisterung angenommen\n... wir freuen uns \u00fcber rege Teilnahme !<\/h2>\t\t\t\t<\/div>\n\t\t\t\t<\/div>\n\t\t<div class=\"elementor-element elementor-element-98275d5 e-con-full e-flex e-con e-child\" data-id=\"98275d5\" data-element_type=\"container\" data-e-type=\"container\">\n\t\t\t\t<div class=\"elementor-element elementor-element-6fd1ef1 elementor-widget elementor-widget-text-editor\" data-id=\"6fd1ef1\" data-element_type=\"widget\" data-e-type=\"widget\" data-widget_type=\"text-editor.default\">\n\t\t\t\t<div class=\"elementor-widget-container\">\n\t\t\t\t\t\t\t\t\t<p class=\"p1\">Bitte meldet Euch bis zum 30. M\u00e4rz unter folgender Email-Adresse (<strong>volz96@gmx.de)<\/strong> an.<\/p>\t\t\t\t\t\t\t\t<\/div>\n\t\t\t\t<\/div>\n\t\t\t\t<\/div>\n\t\t<div class=\"elementor-element elementor-element-8a805f5 e-flex e-con-boxed e-con e-child\" data-id=\"8a805f5\" data-element_type=\"container\" data-e-type=\"container\">\n\t\t\t\t\t<div class=\"e-con-inner\">\n\t\t\t\t<div class=\"elementor-element elementor-element-557016d elementor-widget__width-initial elementor-widget-mobile__width-initial elementor-widget elementor-widget-image\" data-id=\"557016d\" data-element_type=\"widget\" data-e-type=\"widget\" data-widget_type=\"image.default\">\n\t\t\t\t<div class=\"elementor-widget-container\">\n\t\t\t\t\t\t\t\t\t\t\t\t\t\t\t\t<a href=\"https:\/\/skg-ober-beerbach.de\/wp-content\/uploads\/2026\/03\/PHOTO-2026-03-19-22-24-29.jpg\" data-elementor-open-lightbox=\"yes\" data-elementor-lightbox-title=\"Oster-Event 2026\" data-e-action-hash=\"#elementor-action%3Aaction%3Dlightbox%26settings%3DeyJpZCI6MjgzMywidXJsIjoiaHR0cHM6XC9cL3NrZy1vYmVyLWJlZXJiYWNoLmRlXC93cC1jb250ZW50XC91cGxvYWRzXC8yMDI2XC8wM1wvUEhPVE8tMjAyNi0wMy0xOS0yMi0yNC0yOS5qcGcifQ%3D%3D\">\n\t\t\t\t\t\t\t<img fetchpriority=\"high\" decoding=\"async\" width=\"800\" height=\"1000\" src=\"https:\/\/skg-ober-beerbach.de\/wp-content\/uploads\/2026\/03\/PHOTO-2026-03-19-22-24-29-819x1024.jpg\" class=\"attachment-large size-large wp-image-2833\" alt=\"Oster-Event 2026\" srcset=\"https:\/\/skg-ober-beerbach.de\/wp-content\/uploads\/2026\/03\/PHOTO-2026-03-19-22-24-29-819x1024.jpg 819w, https:\/\/skg-ober-beerbach.de\/wp-content\/uploads\/2026\/03\/PHOTO-2026-03-19-22-24-29-240x300.jpg 240w, https:\/\/skg-ober-beerbach.de\/wp-content\/uploads\/2026\/03\/PHOTO-2026-03-19-22-24-29-768x960.jpg 768w, https:\/\/skg-ober-beerbach.de\/wp-content\/uploads\/2026\/03\/PHOTO-2026-03-19-22-24-29.jpg 1080w\" sizes=\"(max-width: 800px) 100vw, 800px\" \/>\t\t\t\t\t\t\t\t<\/a>\n\t\t\t\t\t\t\t\t\t\t\t\t\t\t\t<\/div>\n\t\t\t\t<\/div>\n\t\t\t\t<div class=\"elementor-element elementor-element-9f37ac0 elementor-widget__width-initial elementor-widget elementor-widget-text-editor\" data-id=\"9f37ac0\" data-element_type=\"widget\" data-e-type=\"widget\" data-widget_type=\"text-editor.default\">\n\t\t\t\t<div class=\"elementor-widget-container\">\n\t\t\t\t\t\t\t\t\t<p class=\"p1\">Wir werden im Anschluss \u00fcber die Veranstaltung berichten.<\/p>\t\t\t\t\t\t\t\t<\/div>\n\t\t\t\t<\/div>\n\t\t\t\t\t<\/div>\n\t\t\t\t<\/div>\n\t\t\t\t\t<\/div>\n\t\t\t\t<\/div>\n\t\t\t\t<\/div>\n\t\t\t\t<\/div>\n\t\t","protected":false},"excerpt":{"rendered":"<p>Bereits 2025 mit Begeisterung angenommen &#8230; wir freuen uns \u00fcber rege Teilnahme ! Bitte meldet Euch bis zum 30. M\u00e4rz unter folgender Email-Adresse (volz96@gmx.de) an. Wir werden im Anschluss \u00fcber die Veranstaltung berichten.<\/p>\n","protected":false},"author":2,"featured_media":0,"parent":0,"menu_order":0,"comment_status":"closed","ping_status":"closed","template":"","meta":{"footnotes":""},"class_list":["post-2837","page","type-page","status-publish","hentry"],"_links":{"self":[{"href":"https:\/\/skg-ober-beerbach.de\/index.php?rest_route=\/wp\/v2\/pages\/2837","targetHints":{"allow":["GET"]}}],"collection":[{"href":"https:\/\/skg-ober-beerbach.de\/index.php?rest_route=\/wp\/v2\/pages"}],"about":[{"href":"https:\/\/skg-ober-beerbach.de\/index.php?rest_route=\/wp\/v2\/types\/page"}],"author":[{"embeddable":true,"href":"https:\/\/skg-ober-beerbach.de\/index.php?rest_route=\/wp\/v2\/users\/2"}],"replies":[{"embeddable":true,"href":"https:\/\/skg-ober-beerbach.de\/index.php?rest_route=%2Fwp%2Fv2%2Fcomments&post=2837"}],"version-history":[{"count":10,"href":"https:\/\/skg-ober-beerbach.de\/index.php?rest_route=\/wp\/v2\/pages\/2837\/revisions"}],"predecessor-version":[{"id":2847,"href":"https:\/\/skg-ober-beerbach.de\/index.php?rest_route=\/wp\/v2\/pages\/2837\/revisions\/2847"}],"wp:attachment":[{"href":"https:\/\/skg-ober-beerbach.de\/index.php?rest_route=%2Fwp%2Fv2%2Fmedia&parent=2837"}],"curies":[{"name":"wp","href":"https:\/\/api.w.org\/{rel}","templated":true}]}}