{"id":1279,"date":"2025-10-09T17:03:57","date_gmt":"2025-10-09T17:03:57","guid":{"rendered":"https:\/\/skg-ober-beerbach.de.stage.it4c.dev\/?page_id=1279"},"modified":"2026-01-13T16:48:48","modified_gmt":"2026-01-13T16:48:48","slug":"biermacher-arena-2","status":"publish","type":"page","link":"https:\/\/skg-ober-beerbach.de\/?page_id=1279","title":{"rendered":"Biermacher Arena"},"content":{"rendered":"\t\t<div data-elementor-type=\"wp-page\" data-elementor-id=\"1279\" class=\"elementor elementor-1279\">\n\t\t\t\t<div class=\"elementor-element elementor-element-8fd3897 e-flex e-con-boxed e-con e-parent\" data-id=\"8fd3897\" data-element_type=\"container\" data-e-type=\"container\" data-settings=\"{&quot;shape_divider_top&quot;:&quot;mountains&quot;,&quot;shape_divider_bottom&quot;:&quot;mountains&quot;,&quot;background_background&quot;:&quot;gradient&quot;}\">\n\t\t\t\t\t<div class=\"e-con-inner\">\n\t\t\t\t<div class=\"elementor-shape elementor-shape-top\" aria-hidden=\"true\" data-negative=\"false\">\n\t\t\t<svg xmlns=\"http:\/\/www.w3.org\/2000\/svg\" viewBox=\"0 0 1000 100\" preserveAspectRatio=\"none\">\n\t<path class=\"elementor-shape-fill\" opacity=\"0.33\" d=\"M473,67.3c-203.9,88.3-263.1-34-320.3,0C66,119.1,0,59.7,0,59.7V0h1000v59.7 c0,0-62.1,26.1-94.9,29.3c-32.8,3.3-62.8-12.3-75.8-22.1C806,49.6,745.3,8.7,694.9,4.7S492.4,59,473,67.3z\"\/>\n\t<path class=\"elementor-shape-fill\" opacity=\"0.66\" d=\"M734,67.3c-45.5,0-77.2-23.2-129.1-39.1c-28.6-8.7-150.3-10.1-254,39.1 s-91.7-34.4-149.2,0C115.7,118.3,0,39.8,0,39.8V0h1000v36.5c0,0-28.2-18.5-92.1-18.5C810.2,18.1,775.7,67.3,734,67.3z\"\/>\n\t<path class=\"elementor-shape-fill\" d=\"M766.1,28.9c-200-57.5-266,65.5-395.1,19.5C242,1.8,242,5.4,184.8,20.6C128,35.8,132.3,44.9,89.9,52.5C28.6,63.7,0,0,0,0 h1000c0,0-9.9,40.9-83.6,48.1S829.6,47,766.1,28.9z\"\/>\n<\/svg>\t\t<\/div>\n\t\t\t\t<div class=\"elementor-shape elementor-shape-bottom\" aria-hidden=\"true\" data-negative=\"false\">\n\t\t\t<svg xmlns=\"http:\/\/www.w3.org\/2000\/svg\" viewBox=\"0 0 1000 100\" preserveAspectRatio=\"none\">\n\t<path class=\"elementor-shape-fill\" opacity=\"0.33\" d=\"M473,67.3c-203.9,88.3-263.1-34-320.3,0C66,119.1,0,59.7,0,59.7V0h1000v59.7 c0,0-62.1,26.1-94.9,29.3c-32.8,3.3-62.8-12.3-75.8-22.1C806,49.6,745.3,8.7,694.9,4.7S492.4,59,473,67.3z\"\/>\n\t<path class=\"elementor-shape-fill\" opacity=\"0.66\" d=\"M734,67.3c-45.5,0-77.2-23.2-129.1-39.1c-28.6-8.7-150.3-10.1-254,39.1 s-91.7-34.4-149.2,0C115.7,118.3,0,39.8,0,39.8V0h1000v36.5c0,0-28.2-18.5-92.1-18.5C810.2,18.1,775.7,67.3,734,67.3z\"\/>\n\t<path class=\"elementor-shape-fill\" d=\"M766.1,28.9c-200-57.5-266,65.5-395.1,19.5C242,1.8,242,5.4,184.8,20.6C128,35.8,132.3,44.9,89.9,52.5C28.6,63.7,0,0,0,0 h1000c0,0-9.9,40.9-83.6,48.1S829.6,47,766.1,28.9z\"\/>\n<\/svg>\t\t<\/div>\n\t\t<div class=\"elementor-element elementor-element-ec0fc5e e-con-full e-flex e-con e-child\" data-id=\"ec0fc5e\" data-element_type=\"container\" data-e-type=\"container\">\n\t\t\t\t<div class=\"elementor-element elementor-element-79d9c1f elementor-widget elementor-widget-heading\" data-id=\"79d9c1f\" data-element_type=\"widget\" data-e-type=\"widget\" data-widget_type=\"heading.default\">\n\t\t\t\t<div class=\"elementor-widget-container\">\n\t\t\t\t\t<h2 class=\"elementor-heading-title elementor-size-default\">Biermacher Arena - Spatenstich zum Neubau<\/h2>\t\t\t\t<\/div>\n\t\t\t\t<\/div>\n\t\t<div class=\"elementor-element elementor-element-b3242e8 e-con-full e-flex e-con e-child\" data-id=\"b3242e8\" data-element_type=\"container\" data-e-type=\"container\">\n\t\t\t\t<div class=\"elementor-element elementor-element-19fcd1a elementor-widget__width-initial elementor-widget-mobile__width-initial elementor-widget elementor-widget-image\" data-id=\"19fcd1a\" data-element_type=\"widget\" data-e-type=\"widget\" data-widget_type=\"image.default\">\n\t\t\t\t<div class=\"elementor-widget-container\">\n\t\t\t\t\t\t\t\t\t\t\t\t\t\t\t<img fetchpriority=\"high\" decoding=\"async\" width=\"800\" height=\"540\" src=\"https:\/\/skg-ober-beerbach.de\/wp-content\/uploads\/2025\/09\/Spatenstich-Soccerhalle-1024x691.jpg\" class=\"attachment-large size-large wp-image-1080\" alt=\"Spatenstich Soccerhalle\" srcset=\"https:\/\/skg-ober-beerbach.de\/wp-content\/uploads\/2025\/09\/Spatenstich-Soccerhalle-1024x691.jpg 1024w, https:\/\/skg-ober-beerbach.de\/wp-content\/uploads\/2025\/09\/Spatenstich-Soccerhalle-300x202.jpg 300w, https:\/\/skg-ober-beerbach.de\/wp-content\/uploads\/2025\/09\/Spatenstich-Soccerhalle-768x518.jpg 768w, https:\/\/skg-ober-beerbach.de\/wp-content\/uploads\/2025\/09\/Spatenstich-Soccerhalle-1536x1036.jpg 1536w, https:\/\/skg-ober-beerbach.de\/wp-content\/uploads\/2025\/09\/Spatenstich-Soccerhalle.jpg 2048w\" sizes=\"(max-width: 800px) 100vw, 800px\" \/>\t\t\t\t\t\t\t\t\t\t\t\t\t\t\t<\/div>\n\t\t\t\t<\/div>\n\t\t\t\t<div class=\"elementor-element elementor-element-1183677 elementor-widget__width-initial elementor-widget elementor-widget-text-editor\" data-id=\"1183677\" data-element_type=\"widget\" data-e-type=\"widget\" data-widget_type=\"text-editor.default\">\n\t\t\t\t<div class=\"elementor-widget-container\">\n\t\t\t\t\t\t\t\t\t<p class=\"p1\">Ein bedeutender Tag f\u00fcr die SKG Ober-Beerbach: <br \/>Mit dem feierlichen Spatenstich fiel Anfang\u00a0April der Startschuss f\u00fcr den Bau einer modernen Soccer-Halle am Gel\u00e4nde des Waldsportplatzes.<\/p>\t\t\t\t\t\t\t\t<\/div>\n\t\t\t\t<\/div>\n\t\t\t\t<\/div>\n\t\t<div class=\"elementor-element elementor-element-3130b27 e-con-full e-flex e-con e-child\" data-id=\"3130b27\" data-element_type=\"container\" data-e-type=\"container\">\n\t\t\t\t<div class=\"elementor-element elementor-element-4b128ad elementor-widget__width-initial elementor-widget-mobile__width-initial elementor-widget elementor-widget-image\" data-id=\"4b128ad\" data-element_type=\"widget\" data-e-type=\"widget\" data-widget_type=\"image.default\">\n\t\t\t\t<div class=\"elementor-widget-container\">\n\t\t\t\t\t\t\t\t\t\t\t\t\t\t\t<img decoding=\"async\" width=\"320\" height=\"161\" src=\"https:\/\/skg-ober-beerbach.de\/wp-content\/uploads\/2025\/09\/Biermacher-Arena.png\" class=\"attachment-large size-large wp-image-1215\" alt=\"Biermacher Arena\" srcset=\"https:\/\/skg-ober-beerbach.de\/wp-content\/uploads\/2025\/09\/Biermacher-Arena.png 320w, https:\/\/skg-ober-beerbach.de\/wp-content\/uploads\/2025\/09\/Biermacher-Arena-300x151.png 300w\" sizes=\"(max-width: 320px) 100vw, 320px\" \/>\t\t\t\t\t\t\t\t\t\t\t\t\t\t\t<\/div>\n\t\t\t\t<\/div>\n\t\t\t\t<div class=\"elementor-element elementor-element-48ad326 elementor-widget__width-initial elementor-widget elementor-widget-text-editor\" data-id=\"48ad326\" data-element_type=\"widget\" data-e-type=\"widget\" data-widget_type=\"text-editor.default\">\n\t\t\t\t<div class=\"elementor-widget-container\">\n\t\t\t\t\t\t\t\t\t<p class=\"p1\">Dank dieses Bauvorhabens wird es erm\u00f6glicht, den Trainingsbetrieb unabh\u00e4ngig von\u00a0Wetterbedingungen ganzj\u00e4hrig zu gew\u00e4hrleisten.<\/p><p class=\"p1\">Dies ist besonders wichtig, um die Kinder- und Jugendarbeit im Verein kontinuierlich weiterzuentwickeln.<\/p><p class=\"p1\">Die Fertigstellung der Halle ist f\u00fcr Mitte 2026 geplant.<\/p><p class=\"p1\">Die neue Soccerhalle wird nicht nur den\u00a0Nachwuchsspielern zugutekommen, sondern auch eine Bereicherung f\u00fcr das gesamte\u00a0sportliche Angebot der Region werden.<\/p>\t\t\t\t\t\t\t\t<\/div>\n\t\t\t\t<\/div>\n\t\t\t\t<\/div>\n\t\t<div class=\"elementor-element elementor-element-4dbb389 e-con-full e-flex e-con e-child\" data-id=\"4dbb389\" data-element_type=\"container\" data-e-type=\"container\">\n\t\t\t\t<div class=\"elementor-element elementor-element-8389410 elementor-widget elementor-widget-text-editor\" data-id=\"8389410\" data-element_type=\"widget\" data-e-type=\"widget\" data-widget_type=\"text-editor.default\">\n\t\t\t\t<div class=\"elementor-widget-container\">\n\t\t\t\t\t\t\t\t\t<p class=\"p1\">Die SKG Ober-Beerbach bedankt sich herzlich f\u00fcr die Realisierung dieses Projekts und freut sich auf eine vielversprechende Zukunft f\u00fcr den Kinder-und Jugendfu\u00dfball in Ober-Beerbach.<\/p>\t\t\t\t\t\t\t\t<\/div>\n\t\t\t\t<\/div>\n\t\t\t\t<\/div>\n\t\t<div class=\"elementor-element elementor-element-d62e943 e-con-full e-flex e-con e-child\" data-id=\"d62e943\" data-element_type=\"container\" data-e-type=\"container\" data-settings=\"{&quot;background_background&quot;:&quot;classic&quot;}\">\n\t\t\t\t<div class=\"elementor-element elementor-element-6f34187 elementor-widget__width-initial elementor-widget-mobile__width-initial elementor-widget elementor-widget-image\" data-id=\"6f34187\" data-element_type=\"widget\" data-e-type=\"widget\" data-widget_type=\"image.default\">\n\t\t\t\t<div class=\"elementor-widget-container\">\n\t\t\t\t\t\t\t\t\t\t\t\t\t\t\t<img decoding=\"async\" width=\"300\" height=\"297\" src=\"https:\/\/skg-ober-beerbach.de\/wp-content\/uploads\/2025\/10\/Logo-Lauer-GmbH-2-300x297.jpg\" class=\"attachment-medium size-medium wp-image-2011\" alt=\"Logo Lauer GmbH\" srcset=\"https:\/\/skg-ober-beerbach.de\/wp-content\/uploads\/2025\/10\/Logo-Lauer-GmbH-2-300x297.jpg 300w, https:\/\/skg-ober-beerbach.de\/wp-content\/uploads\/2025\/10\/Logo-Lauer-GmbH-2-1024x1013.jpg 1024w, https:\/\/skg-ober-beerbach.de\/wp-content\/uploads\/2025\/10\/Logo-Lauer-GmbH-2-150x150.jpg 150w, https:\/\/skg-ober-beerbach.de\/wp-content\/uploads\/2025\/10\/Logo-Lauer-GmbH-2-768x760.jpg 768w, https:\/\/skg-ober-beerbach.de\/wp-content\/uploads\/2025\/10\/Logo-Lauer-GmbH-2-1536x1520.jpg 1536w, https:\/\/skg-ober-beerbach.de\/wp-content\/uploads\/2025\/10\/Logo-Lauer-GmbH-2.jpg 2048w\" sizes=\"(max-width: 300px) 100vw, 300px\" \/>\t\t\t\t\t\t\t\t\t\t\t\t\t\t\t<\/div>\n\t\t\t\t<\/div>\n\t\t\t\t<div class=\"elementor-element elementor-element-bbb80a0 elementor-widget-tablet__width-initial elementor-widget-mobile__width-initial elementor-widget elementor-widget-image\" data-id=\"bbb80a0\" data-element_type=\"widget\" data-e-type=\"widget\" data-widget_type=\"image.default\">\n\t\t\t\t<div class=\"elementor-widget-container\">\n\t\t\t\t\t\t\t\t\t\t\t\t\t\t\t<img loading=\"lazy\" decoding=\"async\" width=\"300\" height=\"225\" src=\"https:\/\/skg-ober-beerbach.de\/wp-content\/uploads\/2025\/09\/die-biermacher-300x225.png\" class=\"attachment-medium size-medium wp-image-1223\" alt=\"Die Biermacher\" srcset=\"https:\/\/skg-ober-beerbach.de\/wp-content\/uploads\/2025\/09\/die-biermacher-300x225.png 300w, https:\/\/skg-ober-beerbach.de\/wp-content\/uploads\/2025\/09\/die-biermacher-768x576.png 768w, https:\/\/skg-ober-beerbach.de\/wp-content\/uploads\/2025\/09\/die-biermacher.png 1024w\" sizes=\"(max-width: 300px) 100vw, 300px\" \/>\t\t\t\t\t\t\t\t\t\t\t\t\t\t\t<\/div>\n\t\t\t\t<\/div>\n\t\t\t\t<div class=\"elementor-element elementor-element-d2db820 elementor-widget__width-initial elementor-widget-mobile__width-initial elementor-widget elementor-widget-image\" data-id=\"d2db820\" data-element_type=\"widget\" data-e-type=\"widget\" data-widget_type=\"image.default\">\n\t\t\t\t<div class=\"elementor-widget-container\">\n\t\t\t\t\t\t\t\t\t\t\t\t\t\t\t<img loading=\"lazy\" decoding=\"async\" width=\"679\" height=\"370\" src=\"https:\/\/skg-ober-beerbach.de\/wp-content\/uploads\/2025\/09\/Soccer-Halle-OB.png\" class=\"attachment-large size-large wp-image-1219\" alt=\"Soccer-Halle OB\" srcset=\"https:\/\/skg-ober-beerbach.de\/wp-content\/uploads\/2025\/09\/Soccer-Halle-OB.png 679w, https:\/\/skg-ober-beerbach.de\/wp-content\/uploads\/2025\/09\/Soccer-Halle-OB-300x163.png 300w\" sizes=\"(max-width: 679px) 100vw, 679px\" \/>\t\t\t\t\t\t\t\t\t\t\t\t\t\t\t<\/div>\n\t\t\t\t<\/div>\n\t\t\t\t<\/div>\n\t\t\t\t<\/div>\n\t\t\t\t\t<\/div>\n\t\t\t\t<\/div>\n\t\t\t\t<\/div>\n\t\t","protected":false},"excerpt":{"rendered":"<p>Biermacher Arena &#8211; Spatenstich zum Neubau Ein bedeutender Tag f\u00fcr die SKG Ober-Beerbach: Mit dem feierlichen Spatenstich fiel Anfang\u00a0April der Startschuss f\u00fcr den Bau einer modernen Soccer-Halle am Gel\u00e4nde des Waldsportplatzes. Dank dieses Bauvorhabens wird es erm\u00f6glicht, den Trainingsbetrieb unabh\u00e4ngig von\u00a0Wetterbedingungen ganzj\u00e4hrig zu gew\u00e4hrleisten. Dies ist besonders wichtig, um die Kinder- und Jugendarbeit im Verein [&hellip;]<\/p>\n","protected":false},"author":2,"featured_media":0,"parent":0,"menu_order":0,"comment_status":"closed","ping_status":"closed","template":"","meta":{"footnotes":""},"class_list":["post-1279","page","type-page","status-publish","hentry"],"_links":{"self":[{"href":"https:\/\/skg-ober-beerbach.de\/index.php?rest_route=\/wp\/v2\/pages\/1279","targetHints":{"allow":["GET"]}}],"collection":[{"href":"https:\/\/skg-ober-beerbach.de\/index.php?rest_route=\/wp\/v2\/pages"}],"about":[{"href":"https:\/\/skg-ober-beerbach.de\/index.php?rest_route=\/wp\/v2\/types\/page"}],"author":[{"embeddable":true,"href":"https:\/\/skg-ober-beerbach.de\/index.php?rest_route=\/wp\/v2\/users\/2"}],"replies":[{"embeddable":true,"href":"https:\/\/skg-ober-beerbach.de\/index.php?rest_route=%2Fwp%2Fv2%2Fcomments&post=1279"}],"version-history":[{"count":37,"href":"https:\/\/skg-ober-beerbach.de\/index.php?rest_route=\/wp\/v2\/pages\/1279\/revisions"}],"predecessor-version":[{"id":2709,"href":"https:\/\/skg-ober-beerbach.de\/index.php?rest_route=\/wp\/v2\/pages\/1279\/revisions\/2709"}],"wp:attachment":[{"href":"https:\/\/skg-ober-beerbach.de\/index.php?rest_route=%2Fwp%2Fv2%2Fmedia&parent=1279"}],"curies":[{"name":"wp","href":"https:\/\/api.w.org\/{rel}","templated":true}]}}