{"id":1146,"date":"2025-09-24T15:35:10","date_gmt":"2025-09-24T15:35:10","guid":{"rendered":"https:\/\/skg-ober-beerbach.de.stage.it4c.dev\/?page_id=1146"},"modified":"2026-01-13T16:36:40","modified_gmt":"2026-01-13T16:36:40","slug":"alte-herren","status":"publish","type":"page","link":"https:\/\/skg-ober-beerbach.de\/?page_id=1146","title":{"rendered":"Alte Herren"},"content":{"rendered":"\t\t<div data-elementor-type=\"wp-page\" data-elementor-id=\"1146\" class=\"elementor elementor-1146\">\n\t\t\t\t<div class=\"elementor-element elementor-element-3911b27 e-flex e-con-boxed e-con e-parent\" data-id=\"3911b27\" data-element_type=\"container\" data-e-type=\"container\" data-settings=\"{&quot;shape_divider_top&quot;:&quot;mountains&quot;,&quot;background_background&quot;:&quot;gradient&quot;}\">\n\t\t\t\t\t<div class=\"e-con-inner\">\n\t\t\t\t<div class=\"elementor-shape elementor-shape-top\" aria-hidden=\"true\" data-negative=\"false\">\n\t\t\t<svg xmlns=\"http:\/\/www.w3.org\/2000\/svg\" viewBox=\"0 0 1000 100\" preserveAspectRatio=\"none\">\n\t<path class=\"elementor-shape-fill\" opacity=\"0.33\" d=\"M473,67.3c-203.9,88.3-263.1-34-320.3,0C66,119.1,0,59.7,0,59.7V0h1000v59.7 c0,0-62.1,26.1-94.9,29.3c-32.8,3.3-62.8-12.3-75.8-22.1C806,49.6,745.3,8.7,694.9,4.7S492.4,59,473,67.3z\"\/>\n\t<path class=\"elementor-shape-fill\" opacity=\"0.66\" d=\"M734,67.3c-45.5,0-77.2-23.2-129.1-39.1c-28.6-8.7-150.3-10.1-254,39.1 s-91.7-34.4-149.2,0C115.7,118.3,0,39.8,0,39.8V0h1000v36.5c0,0-28.2-18.5-92.1-18.5C810.2,18.1,775.7,67.3,734,67.3z\"\/>\n\t<path class=\"elementor-shape-fill\" d=\"M766.1,28.9c-200-57.5-266,65.5-395.1,19.5C242,1.8,242,5.4,184.8,20.6C128,35.8,132.3,44.9,89.9,52.5C28.6,63.7,0,0,0,0 h1000c0,0-9.9,40.9-83.6,48.1S829.6,47,766.1,28.9z\"\/>\n<\/svg>\t\t<\/div>\n\t\t<div class=\"elementor-element elementor-element-90a8cb6 e-con-full e-flex e-con e-child\" data-id=\"90a8cb6\" data-element_type=\"container\" data-e-type=\"container\">\n\t\t\t\t<div class=\"elementor-element elementor-element-d2f0b90 elementor-widget elementor-widget-heading\" data-id=\"d2f0b90\" data-element_type=\"widget\" data-e-type=\"widget\" data-widget_type=\"heading.default\">\n\t\t\t\t<div class=\"elementor-widget-container\">\n\t\t\t\t\t<h2 class=\"elementor-heading-title elementor-size-default\">Fu\u00dfball<\/h2>\t\t\t\t<\/div>\n\t\t\t\t<\/div>\n\t\t\t\t<div class=\"elementor-element elementor-element-e0fde6b elementor-widget elementor-widget-heading\" data-id=\"e0fde6b\" data-element_type=\"widget\" data-e-type=\"widget\" data-widget_type=\"heading.default\">\n\t\t\t\t<div class=\"elementor-widget-container\">\n\t\t\t\t\t<h2 class=\"elementor-heading-title elementor-size-default\">Alte Herren<\/h2>\t\t\t\t<\/div>\n\t\t\t\t<\/div>\n\t\t\t\t<div class=\"elementor-element elementor-element-ab3320e elementor-widget-divider--view-line elementor-widget elementor-widget-divider\" data-id=\"ab3320e\" data-element_type=\"widget\" data-e-type=\"widget\" data-widget_type=\"divider.default\">\n\t\t\t\t<div class=\"elementor-widget-container\">\n\t\t\t\t\t\t\t<div class=\"elementor-divider\">\n\t\t\t<span class=\"elementor-divider-separator\">\n\t\t\t\t\t\t<\/span>\n\t\t<\/div>\n\t\t\t\t\t\t<\/div>\n\t\t\t\t<\/div>\n\t\t<div class=\"elementor-element elementor-element-6f17132 e-con-full e-flex e-con e-child\" data-id=\"6f17132\" data-element_type=\"container\" data-e-type=\"container\">\n\t\t<div class=\"elementor-element elementor-element-5e5003f e-con-full e-flex e-con e-child\" data-id=\"5e5003f\" data-element_type=\"container\" data-e-type=\"container\">\n\t\t\t\t<div class=\"elementor-element elementor-element-3872381 elementor-widget__width-initial elementor-widget elementor-widget-text-editor\" data-id=\"3872381\" data-element_type=\"widget\" data-e-type=\"widget\" data-widget_type=\"text-editor.default\">\n\t\t\t\t<div class=\"elementor-widget-container\">\n\t\t\t\t\t\t\t\t\t<p class=\"p1\">Mittwoch 19:00 &#8211; 20:30 Uhr<\/p><p class=\"p1\"><b>Kurzbeschreibung<\/b><\/p><p class=\"p1\">Mit vollem Enthusiasmus und gro\u00dfer Begeisterung wird w\u00f6chentlich dem runden Leder nachgejagt.<\/p><p class=\"p1\">Auf unserem Sportplatz trainieren wir regelm\u00e4\u00dfig modernste Trainingsmethoden (\u201edas Runde muss in das Eckige!\u201c), effiziente Spielgestaltung (\u201eminimaler Aufwand, maximaler Ertrag!\u201c), raffinierte Taktik (\u201eein Tor mehr als der Gegner!\u201c) und mentale St\u00e4rke ( \u201ewir haben noch die dritte Halbzeit!\u201c).\u00a0<\/p><p class=\"p1\">Zur warmen Jahreszeit finden die fu\u00dfballerischen Wettk\u00e4mpfe unter freiem Himmel statt und im Winter wird ab 2026 die Biermacher Arena genutzt.<\/p>\t\t\t\t\t\t\t\t<\/div>\n\t\t\t\t<\/div>\n\t\t\t\t<\/div>\n\t\t<div class=\"elementor-element elementor-element-40ae9e3 e-con-full e-flex e-con e-child\" data-id=\"40ae9e3\" data-element_type=\"container\" data-e-type=\"container\">\n\t\t\t\t<div class=\"elementor-element elementor-element-7f2e72e elementor-widget__width-inherit elementor-widget elementor-widget-image\" data-id=\"7f2e72e\" data-element_type=\"widget\" data-e-type=\"widget\" data-widget_type=\"image.default\">\n\t\t\t\t<div class=\"elementor-widget-container\">\n\t\t\t\t\t\t\t\t\t\t\t\t\t\t\t\t<a href=\"https:\/\/skg-ober-beerbach.de\/wp-content\/uploads\/2025\/09\/AH-Fusball.jpg\" data-elementor-open-lightbox=\"yes\" data-elementor-lightbox-title=\"AH Fu\u00dfball\" data-e-action-hash=\"#elementor-action%3Aaction%3Dlightbox%26settings%3DeyJpZCI6MTE1NiwidXJsIjoiaHR0cHM6XC9cL3NrZy1vYmVyLWJlZXJiYWNoLmRlXC93cC1jb250ZW50XC91cGxvYWRzXC8yMDI1XC8wOVwvQUgtRnVzYmFsbC5qcGcifQ%3D%3D\">\n\t\t\t\t\t\t\t<img fetchpriority=\"high\" decoding=\"async\" width=\"2048\" height=\"1302\" src=\"https:\/\/skg-ober-beerbach.de\/wp-content\/uploads\/2025\/09\/AH-Fusball.jpg\" class=\"attachment-full size-full wp-image-1156\" alt=\"AH Fu\u00dfball\" srcset=\"https:\/\/skg-ober-beerbach.de\/wp-content\/uploads\/2025\/09\/AH-Fusball.jpg 2048w, https:\/\/skg-ober-beerbach.de\/wp-content\/uploads\/2025\/09\/AH-Fusball-300x191.jpg 300w, https:\/\/skg-ober-beerbach.de\/wp-content\/uploads\/2025\/09\/AH-Fusball-1024x651.jpg 1024w, https:\/\/skg-ober-beerbach.de\/wp-content\/uploads\/2025\/09\/AH-Fusball-768x488.jpg 768w, https:\/\/skg-ober-beerbach.de\/wp-content\/uploads\/2025\/09\/AH-Fusball-1536x977.jpg 1536w\" sizes=\"(max-width: 2048px) 100vw, 2048px\" \/>\t\t\t\t\t\t\t\t<\/a>\n\t\t\t\t\t\t\t\t\t\t\t\t\t\t\t<\/div>\n\t\t\t\t<\/div>\n\t\t\t\t<\/div>\n\t\t\t\t<\/div>\n\t\t\t\t<\/div>\n\t\t\t\t\t<\/div>\n\t\t\t\t<\/div>\n\t\t<div class=\"elementor-element elementor-element-7ee7ab7 e-flex e-con-boxed e-con e-parent\" data-id=\"7ee7ab7\" data-element_type=\"container\" data-e-type=\"container\" data-settings=\"{&quot;shape_divider_bottom&quot;:&quot;mountains&quot;,&quot;background_background&quot;:&quot;gradient&quot;}\">\n\t\t\t\t\t<div class=\"e-con-inner\">\n\t\t\t\t<div class=\"elementor-shape elementor-shape-bottom\" aria-hidden=\"true\" data-negative=\"false\">\n\t\t\t<svg xmlns=\"http:\/\/www.w3.org\/2000\/svg\" viewBox=\"0 0 1000 100\" preserveAspectRatio=\"none\">\n\t<path class=\"elementor-shape-fill\" opacity=\"0.33\" d=\"M473,67.3c-203.9,88.3-263.1-34-320.3,0C66,119.1,0,59.7,0,59.7V0h1000v59.7 c0,0-62.1,26.1-94.9,29.3c-32.8,3.3-62.8-12.3-75.8-22.1C806,49.6,745.3,8.7,694.9,4.7S492.4,59,473,67.3z\"\/>\n\t<path class=\"elementor-shape-fill\" opacity=\"0.66\" d=\"M734,67.3c-45.5,0-77.2-23.2-129.1-39.1c-28.6-8.7-150.3-10.1-254,39.1 s-91.7-34.4-149.2,0C115.7,118.3,0,39.8,0,39.8V0h1000v36.5c0,0-28.2-18.5-92.1-18.5C810.2,18.1,775.7,67.3,734,67.3z\"\/>\n\t<path class=\"elementor-shape-fill\" d=\"M766.1,28.9c-200-57.5-266,65.5-395.1,19.5C242,1.8,242,5.4,184.8,20.6C128,35.8,132.3,44.9,89.9,52.5C28.6,63.7,0,0,0,0 h1000c0,0-9.9,40.9-83.6,48.1S829.6,47,766.1,28.9z\"\/>\n<\/svg>\t\t<\/div>\n\t\t<div class=\"elementor-element elementor-element-7be0a92 e-con-full e-flex e-con e-child\" data-id=\"7be0a92\" data-element_type=\"container\" data-e-type=\"container\">\n\t\t\t\t<div class=\"elementor-element elementor-element-c8b6099 elementor-widget elementor-widget-heading\" data-id=\"c8b6099\" data-element_type=\"widget\" data-e-type=\"widget\" data-widget_type=\"heading.default\">\n\t\t\t\t<div class=\"elementor-widget-container\">\n\t\t\t\t\t<h2 class=\"elementor-heading-title elementor-size-default\">Au\u00dferhalb des Fu\u00dfballplatzes<\/h2>\t\t\t\t<\/div>\n\t\t\t\t<\/div>\n\t\t<div class=\"elementor-element elementor-element-3ad5891 e-con-full e-flex e-con e-child\" data-id=\"3ad5891\" data-element_type=\"container\" data-e-type=\"container\">\n\t\t<div class=\"elementor-element elementor-element-eab2dc3 e-con-full e-flex e-con e-child\" data-id=\"eab2dc3\" data-element_type=\"container\" data-e-type=\"container\">\n\t\t\t\t<div class=\"elementor-element elementor-element-296239f elementor-widget__width-initial elementor-widget elementor-widget-text-editor\" data-id=\"296239f\" data-element_type=\"widget\" data-e-type=\"widget\" data-widget_type=\"text-editor.default\">\n\t\t\t\t<div class=\"elementor-widget-container\">\n\t\t\t\t\t\t\t\t\t<p class=\"p1\">Da Fu\u00dfballer generell, und wir im Besonderen, sehr\u00a0gesellige Sportler sind, starten wir auch au\u00dferhalb des gr\u00fcnen Rasens verschiedene\u00a0Unternehmungen.<\/p><ul><li><p class=\"p1\">Zum Beispiel unsere traditionelle Wanderungen am \u201eVatertag\u201c oder auch mehrt\u00e4gige Wanderungen.<\/p><\/li><li><p class=\"p1\">Zudem gibt es eine starke Fraktion\u00a0begeisterter Skifahrer, die allj\u00e4hrlich Ziele aussucht und gemeinsame Fahrten organisiert.<\/p><\/li><li>\u00a0Und selbstverst\u00e4ndlich ist unser Jahresabschlusskegeln zu erw\u00e4hnen.<\/li><\/ul><p>\u00a0<\/p><p class=\"p1\">Nat\u00fcrlich muss im Verein auch des \u00d6fteren richtig zugepackt werden. Hier sind wir bei anstehenden Arbeitseins\u00e4tzen rund um den Sportplatz nat\u00fcrlich mit dabei.<\/p>\t\t\t\t\t\t\t\t<\/div>\n\t\t\t\t<\/div>\n\t\t\t\t<div class=\"elementor-element elementor-element-c4defd9 elementor-widget elementor-widget-text-editor\" data-id=\"c4defd9\" data-element_type=\"widget\" data-e-type=\"widget\" data-widget_type=\"text-editor.default\">\n\t\t\t\t<div class=\"elementor-widget-container\">\n\t\t\t\t\t\t\t\t\t<p class=\"p1\"><strong>Ist euer Interesse geweckt worden, dann kommt einfach mal mittwochs zu uns und macht mit. Ihr werdet sehen, dass ihr herzlichst willkommen seid.<\/strong><\/p>\t\t\t\t\t\t\t\t<\/div>\n\t\t\t\t<\/div>\n\t\t\t\t<\/div>\n\t\t<div class=\"elementor-element elementor-element-d5fb2a2 e-con-full e-flex e-con e-child\" data-id=\"d5fb2a2\" data-element_type=\"container\" data-e-type=\"container\">\n\t\t\t\t<div class=\"elementor-element elementor-element-15038bd elementor-widget__width-inherit elementor-widget elementor-widget-image\" data-id=\"15038bd\" data-element_type=\"widget\" data-e-type=\"widget\" data-widget_type=\"image.default\">\n\t\t\t\t<div class=\"elementor-widget-container\">\n\t\t\t\t\t\t\t\t\t\t\t\t\t\t\t<img decoding=\"async\" width=\"369\" height=\"311\" src=\"https:\/\/skg-ober-beerbach.de\/wp-content\/uploads\/2025\/09\/AH-Fussball-Freizeit.png\" class=\"attachment-full size-full wp-image-1161\" alt=\"AH Fussball Freizeit\" srcset=\"https:\/\/skg-ober-beerbach.de\/wp-content\/uploads\/2025\/09\/AH-Fussball-Freizeit.png 369w, https:\/\/skg-ober-beerbach.de\/wp-content\/uploads\/2025\/09\/AH-Fussball-Freizeit-300x253.png 300w\" sizes=\"(max-width: 369px) 100vw, 369px\" \/>\t\t\t\t\t\t\t\t\t\t\t\t\t\t\t<\/div>\n\t\t\t\t<\/div>\n\t\t\t\t<\/div>\n\t\t\t\t<\/div>\n\t\t\t\t<\/div>\n\t\t\t\t\t<\/div>\n\t\t\t\t<\/div>\n\t\t\t\t<\/div>\n\t\t","protected":false},"excerpt":{"rendered":"<p>Fu\u00dfball Alte Herren Mittwoch 19:00 &#8211; 20:30 Uhr Kurzbeschreibung Mit vollem Enthusiasmus und gro\u00dfer Begeisterung wird w\u00f6chentlich dem runden Leder nachgejagt. Auf unserem Sportplatz trainieren wir regelm\u00e4\u00dfig modernste Trainingsmethoden (\u201edas Runde muss in das Eckige!\u201c), effiziente Spielgestaltung (\u201eminimaler Aufwand, maximaler Ertrag!\u201c), raffinierte Taktik (\u201eein Tor mehr als der Gegner!\u201c) und mentale St\u00e4rke ( \u201ewir haben [&hellip;]<\/p>\n","protected":false},"author":2,"featured_media":0,"parent":0,"menu_order":0,"comment_status":"closed","ping_status":"closed","template":"","meta":{"footnotes":""},"class_list":["post-1146","page","type-page","status-publish","hentry"],"_links":{"self":[{"href":"https:\/\/skg-ober-beerbach.de\/index.php?rest_route=\/wp\/v2\/pages\/1146","targetHints":{"allow":["GET"]}}],"collection":[{"href":"https:\/\/skg-ober-beerbach.de\/index.php?rest_route=\/wp\/v2\/pages"}],"about":[{"href":"https:\/\/skg-ober-beerbach.de\/index.php?rest_route=\/wp\/v2\/types\/page"}],"author":[{"embeddable":true,"href":"https:\/\/skg-ober-beerbach.de\/index.php?rest_route=\/wp\/v2\/users\/2"}],"replies":[{"embeddable":true,"href":"https:\/\/skg-ober-beerbach.de\/index.php?rest_route=%2Fwp%2Fv2%2Fcomments&post=1146"}],"version-history":[{"count":31,"href":"https:\/\/skg-ober-beerbach.de\/index.php?rest_route=\/wp\/v2\/pages\/1146\/revisions"}],"predecessor-version":[{"id":2670,"href":"https:\/\/skg-ober-beerbach.de\/index.php?rest_route=\/wp\/v2\/pages\/1146\/revisions\/2670"}],"wp:attachment":[{"href":"https:\/\/skg-ober-beerbach.de\/index.php?rest_route=%2Fwp%2Fv2%2Fmedia&parent=1146"}],"curies":[{"name":"wp","href":"https:\/\/api.w.org\/{rel}","templated":true}]}}