{"id":1112,"date":"2025-09-24T14:27:39","date_gmt":"2025-09-24T14:27:39","guid":{"rendered":"https:\/\/skg-ober-beerbach.de.stage.it4c.dev\/?page_id=1112"},"modified":"2026-01-13T16:41:33","modified_gmt":"2026-01-13T16:41:33","slug":"bambinis","status":"publish","type":"page","link":"https:\/\/skg-ober-beerbach.de\/?page_id=1112","title":{"rendered":"Jugend"},"content":{"rendered":"\t\t<div data-elementor-type=\"wp-page\" data-elementor-id=\"1112\" class=\"elementor elementor-1112\">\n\t\t\t\t<div class=\"elementor-element elementor-element-43fb18c e-flex e-con-boxed e-con e-parent\" data-id=\"43fb18c\" data-element_type=\"container\" data-e-type=\"container\" data-settings=\"{&quot;shape_divider_top&quot;:&quot;mountains&quot;,&quot;background_background&quot;:&quot;gradient&quot;}\">\n\t\t\t\t\t<div class=\"e-con-inner\">\n\t\t\t\t<div class=\"elementor-shape elementor-shape-top\" aria-hidden=\"true\" data-negative=\"false\">\n\t\t\t<svg xmlns=\"http:\/\/www.w3.org\/2000\/svg\" viewBox=\"0 0 1000 100\" preserveAspectRatio=\"none\">\n\t<path class=\"elementor-shape-fill\" opacity=\"0.33\" d=\"M473,67.3c-203.9,88.3-263.1-34-320.3,0C66,119.1,0,59.7,0,59.7V0h1000v59.7 c0,0-62.1,26.1-94.9,29.3c-32.8,3.3-62.8-12.3-75.8-22.1C806,49.6,745.3,8.7,694.9,4.7S492.4,59,473,67.3z\"\/>\n\t<path class=\"elementor-shape-fill\" opacity=\"0.66\" d=\"M734,67.3c-45.5,0-77.2-23.2-129.1-39.1c-28.6-8.7-150.3-10.1-254,39.1 s-91.7-34.4-149.2,0C115.7,118.3,0,39.8,0,39.8V0h1000v36.5c0,0-28.2-18.5-92.1-18.5C810.2,18.1,775.7,67.3,734,67.3z\"\/>\n\t<path class=\"elementor-shape-fill\" d=\"M766.1,28.9c-200-57.5-266,65.5-395.1,19.5C242,1.8,242,5.4,184.8,20.6C128,35.8,132.3,44.9,89.9,52.5C28.6,63.7,0,0,0,0 h1000c0,0-9.9,40.9-83.6,48.1S829.6,47,766.1,28.9z\"\/>\n<\/svg>\t\t<\/div>\n\t\t<div class=\"elementor-element elementor-element-7b1b18a e-con-full e-flex e-con e-child\" data-id=\"7b1b18a\" data-element_type=\"container\" data-e-type=\"container\">\n\t\t\t\t<div class=\"elementor-element elementor-element-76a1dc9 elementor-widget elementor-widget-heading\" data-id=\"76a1dc9\" data-element_type=\"widget\" data-e-type=\"widget\" data-widget_type=\"heading.default\">\n\t\t\t\t<div class=\"elementor-widget-container\">\n\t\t\t\t\t<h2 class=\"elementor-heading-title elementor-size-default\">Fu\u00dfball<\/h2>\t\t\t\t<\/div>\n\t\t\t\t<\/div>\n\t\t\t\t<div class=\"elementor-element elementor-element-3130952 elementor-widget elementor-widget-heading\" data-id=\"3130952\" data-element_type=\"widget\" data-e-type=\"widget\" data-widget_type=\"heading.default\">\n\t\t\t\t<div class=\"elementor-widget-container\">\n\t\t\t\t\t<h2 class=\"elementor-heading-title elementor-size-default\">Jugendabteilungen<\/h2>\t\t\t\t<\/div>\n\t\t\t\t<\/div>\n\t\t\t\t<div class=\"elementor-element elementor-element-6276847 elementor-widget__width-initial elementor-widget elementor-widget-text-editor\" data-id=\"6276847\" data-element_type=\"widget\" data-e-type=\"widget\" data-widget_type=\"text-editor.default\">\n\t\t\t\t<div class=\"elementor-widget-container\">\n\t\t\t\t\t\t\t\t\t<p class=\"p1\">2019\/2020 wurde die Jugendabteilung der SKG Ober-Beerbach nach \u00fcber einem Jahrzehnt ohne eigene Jugendmannschaften neu gegr\u00fcndet.<\/p><p>Ein wesentlicher Baustein unseres Erfolgs sind unsere engagierten und qualifizierten Trainerinnen und Trainer. Einige verf\u00fcgen \u00fcber offizielle Trainerlizenzen, andere\u00a0haben gezielte Fortbildungen im Kinder- und\u00a0Jugendfu\u00dfball absolviert.<\/p><p><br \/>So stellen wir sicher, dass\u00a0unsere Kinder optimal gef\u00f6rdert werden, bei jedem Wetter, mit viel Freude am Spiel und in\u00a0einer starken Gemeinschaft.<\/p>\t\t\t\t\t\t\t\t<\/div>\n\t\t\t\t<\/div>\n\t\t\t\t<div class=\"elementor-element elementor-element-4da54e0 elementor-widget-divider--view-line elementor-widget elementor-widget-divider\" data-id=\"4da54e0\" data-element_type=\"widget\" data-e-type=\"widget\" data-widget_type=\"divider.default\">\n\t\t\t\t<div class=\"elementor-widget-container\">\n\t\t\t\t\t\t\t<div class=\"elementor-divider\">\n\t\t\t<span class=\"elementor-divider-separator\">\n\t\t\t\t\t\t<\/span>\n\t\t<\/div>\n\t\t\t\t\t\t<\/div>\n\t\t\t\t<\/div>\n\t\t\t\t<\/div>\n\t\t<div class=\"elementor-element elementor-element-edc6cf8 e-con-full e-flex e-con e-child\" data-id=\"edc6cf8\" data-element_type=\"container\" data-e-type=\"container\">\n\t\t\t\t<div class=\"elementor-element elementor-element-ea63137 elementor-widget elementor-widget-heading\" data-id=\"ea63137\" data-element_type=\"widget\" data-e-type=\"widget\" data-widget_type=\"heading.default\">\n\t\t\t\t<div class=\"elementor-widget-container\">\n\t\t\t\t\t<h2 class=\"elementor-heading-title elementor-size-default\">G-Jugend<\/h2>\t\t\t\t<\/div>\n\t\t\t\t<\/div>\n\t\t\t\t<\/div>\n\t\t<div class=\"elementor-element elementor-element-889284a e-con-full e-flex e-con e-child\" data-id=\"889284a\" data-element_type=\"container\" data-e-type=\"container\">\n\t\t<div class=\"elementor-element elementor-element-0f02b76 e-con-full e-flex e-con e-child\" data-id=\"0f02b76\" data-element_type=\"container\" data-e-type=\"container\">\n\t\t\t\t<div class=\"elementor-element elementor-element-0ee46f1 elementor-widget__width-initial elementor-widget elementor-widget-text-editor\" data-id=\"0ee46f1\" data-element_type=\"widget\" data-e-type=\"widget\" data-widget_type=\"text-editor.default\">\n\t\t\t\t<div class=\"elementor-widget-container\">\n\t\t\t\t\t\t\t\t\t<p><strong>Trainingszeiten <br \/><\/strong>Donnerstag 17:00 &#8211; 18:00 Uhr<\/p><p><strong>Trainer-Team<\/strong><br \/>Dennis Volz, Mirco Keisner<\/p><p><b>Kurzbeschreibung<br \/><\/b>Der Neustart begann mit einer Bambini-Gruppe f\u00fcr Kinder im Alter von 3 bis 5 Jahren. Unsere Kinder spielen in altersgerechten Spielformen.<\/p><p>Bei den J\u00fcngsten kommt das\u00a0sogenannte *Funino* zum Einsatz \u2013 eine Spielform wie 3-gegen-3 oder 4-gegen-4, die viel Aktivit\u00e4t, Spielspa\u00df und Bewegung garantiert.<\/p><p>Diese Philosophie pr\u00e4gt auch unsere\u00a0Trainingseinheiten.<\/p>\t\t\t\t\t\t\t\t<\/div>\n\t\t\t\t<\/div>\n\t\t\t\t<\/div>\n\t\t<div class=\"elementor-element elementor-element-31a9e06 e-con-full e-flex e-con e-child\" data-id=\"31a9e06\" data-element_type=\"container\" data-e-type=\"container\">\n\t\t\t\t<div class=\"elementor-element elementor-element-34a7e22 elementor-widget__width-inherit elementor-widget elementor-widget-image\" data-id=\"34a7e22\" data-element_type=\"widget\" data-e-type=\"widget\" data-widget_type=\"image.default\">\n\t\t\t\t<div class=\"elementor-widget-container\">\n\t\t\t\t\t\t\t\t\t\t\t\t\t\t\t<img fetchpriority=\"high\" decoding=\"async\" width=\"2048\" height=\"1291\" src=\"https:\/\/skg-ober-beerbach.de\/wp-content\/uploads\/2025\/09\/Bildschirmfoto-2025-09-24-um-16.30.48.jpg\" class=\"attachment-full size-full wp-image-1124\" alt=\"Bambinis\" srcset=\"https:\/\/skg-ober-beerbach.de\/wp-content\/uploads\/2025\/09\/Bildschirmfoto-2025-09-24-um-16.30.48.jpg 2048w, https:\/\/skg-ober-beerbach.de\/wp-content\/uploads\/2025\/09\/Bildschirmfoto-2025-09-24-um-16.30.48-300x189.jpg 300w, https:\/\/skg-ober-beerbach.de\/wp-content\/uploads\/2025\/09\/Bildschirmfoto-2025-09-24-um-16.30.48-1024x646.jpg 1024w, https:\/\/skg-ober-beerbach.de\/wp-content\/uploads\/2025\/09\/Bildschirmfoto-2025-09-24-um-16.30.48-768x484.jpg 768w, https:\/\/skg-ober-beerbach.de\/wp-content\/uploads\/2025\/09\/Bildschirmfoto-2025-09-24-um-16.30.48-1536x968.jpg 1536w\" sizes=\"(max-width: 2048px) 100vw, 2048px\" \/>\t\t\t\t\t\t\t\t\t\t\t\t\t\t\t<\/div>\n\t\t\t\t<\/div>\n\t\t\t\t<\/div>\n\t\t\t\t<\/div>\n\t\t\t\t\t<\/div>\n\t\t\t\t<\/div>\n\t\t<div class=\"elementor-element elementor-element-e50c2cb e-flex e-con-boxed e-con e-parent\" data-id=\"e50c2cb\" data-element_type=\"container\" data-e-type=\"container\" data-settings=\"{&quot;shape_divider_bottom&quot;:&quot;mountains&quot;,&quot;background_background&quot;:&quot;gradient&quot;}\">\n\t\t\t\t\t<div class=\"e-con-inner\">\n\t\t\t\t<div class=\"elementor-shape elementor-shape-bottom\" aria-hidden=\"true\" data-negative=\"false\">\n\t\t\t<svg xmlns=\"http:\/\/www.w3.org\/2000\/svg\" viewBox=\"0 0 1000 100\" preserveAspectRatio=\"none\">\n\t<path class=\"elementor-shape-fill\" opacity=\"0.33\" d=\"M473,67.3c-203.9,88.3-263.1-34-320.3,0C66,119.1,0,59.7,0,59.7V0h1000v59.7 c0,0-62.1,26.1-94.9,29.3c-32.8,3.3-62.8-12.3-75.8-22.1C806,49.6,745.3,8.7,694.9,4.7S492.4,59,473,67.3z\"\/>\n\t<path class=\"elementor-shape-fill\" opacity=\"0.66\" d=\"M734,67.3c-45.5,0-77.2-23.2-129.1-39.1c-28.6-8.7-150.3-10.1-254,39.1 s-91.7-34.4-149.2,0C115.7,118.3,0,39.8,0,39.8V0h1000v36.5c0,0-28.2-18.5-92.1-18.5C810.2,18.1,775.7,67.3,734,67.3z\"\/>\n\t<path class=\"elementor-shape-fill\" d=\"M766.1,28.9c-200-57.5-266,65.5-395.1,19.5C242,1.8,242,5.4,184.8,20.6C128,35.8,132.3,44.9,89.9,52.5C28.6,63.7,0,0,0,0 h1000c0,0-9.9,40.9-83.6,48.1S829.6,47,766.1,28.9z\"\/>\n<\/svg>\t\t<\/div>\n\t\t<div class=\"elementor-element elementor-element-f214a7a e-con-full e-flex e-con e-child\" data-id=\"f214a7a\" data-element_type=\"container\" data-e-type=\"container\">\n\t\t\t\t<div class=\"elementor-element elementor-element-384cc9b elementor-widget-divider--view-line elementor-widget elementor-widget-divider\" data-id=\"384cc9b\" data-element_type=\"widget\" data-e-type=\"widget\" data-widget_type=\"divider.default\">\n\t\t\t\t<div class=\"elementor-widget-container\">\n\t\t\t\t\t\t\t<div class=\"elementor-divider\">\n\t\t\t<span class=\"elementor-divider-separator\">\n\t\t\t\t\t\t<\/span>\n\t\t<\/div>\n\t\t\t\t\t\t<\/div>\n\t\t\t\t<\/div>\n\t\t\t\t<div class=\"elementor-element elementor-element-b7e4c67 elementor-widget elementor-widget-heading\" data-id=\"b7e4c67\" data-element_type=\"widget\" data-e-type=\"widget\" data-widget_type=\"heading.default\">\n\t\t\t\t<div class=\"elementor-widget-container\">\n\t\t\t\t\t<h2 class=\"elementor-heading-title elementor-size-default\">Jugend<\/h2>\t\t\t\t<\/div>\n\t\t\t\t<\/div>\n\t\t\t\t<\/div>\n\t\t<div class=\"elementor-element elementor-element-b8aeaff e-con-full e-flex e-con e-child\" data-id=\"b8aeaff\" data-element_type=\"container\" data-e-type=\"container\">\n\t\t<div class=\"elementor-element elementor-element-579aa6b e-con-full e-flex e-con e-child\" data-id=\"579aa6b\" data-element_type=\"container\" data-e-type=\"container\">\n\t\t\t\t<div class=\"elementor-element elementor-element-58133f6 elementor-widget__width-initial elementor-widget elementor-widget-text-editor\" data-id=\"58133f6\" data-element_type=\"widget\" data-e-type=\"widget\" data-widget_type=\"text-editor.default\">\n\t\t\t\t<div class=\"elementor-widget-container\">\n\t\t\t\t\t\t\t\t\t<p><strong>Trainingszeiten | Trainer<\/strong><\/p><p><span style=\"text-decoration: underline;\">F-Jugend<\/span>: Dienstag 16:00 &#8211; 17:30 Uhr | Donnerstag 17:00 &#8211; 18:00 Uhr<br \/><strong>Fabian Pfeiffer<\/strong><\/p><p><span style=\"text-decoration: underline;\">E-Jugend<\/span>: Dienstag 16:15 &#8211; 17:45 Uhr | Donnerstag 17:00 &#8211; 18:30 Uhr<br \/><strong>R\u00fcdiger Pl\u00f6\u00dfer, Maurice H\u00f6pfner<\/strong><\/p><p><span style=\"text-decoration: underline;\">D-Jugend<\/span>: Dienstag 16:30 &#8211; 17:45 Uhr | Donnerstag 17:00 &#8211; 18:30 Uhr<br \/><strong>Loris Beck, Nico Mahr<\/strong><\/p><p><b><br \/>Kurzbeschreibung<br \/><\/b>Die Entwicklung im Jugendfu\u00dfball ist beeindruckend. Mittlerweile betreuen wir rund 40 bis 50 Kinder im Alter zwischen f\u00fcnf und zw\u00f6lf Jahren, verteilt auf 4 Mannschaften: Bambini, F-Jugend, E-Jugend und D-Jugend.<\/p><p class=\"p1\">In der Saison 2024\/25 hat unsere E-Jugend erstmals an einer offiziellen\u00a0Runde teilgenommen.<\/p><p class=\"p1\">Im Sommer 2025 werden alle 4 Jugendmannschaften gemeinsam mit der SKG Nieder-Beerbach am Spielbetrieb teilnehmen. Damit wird die in der Vergangenheit bereits erfolgreiche Jugendspielgemeinschaft (JSG) Nieder-\/Ober-Beerbach neu belebt.<\/p><p class=\"p1\">Ab der C-Jugend setzen unsere Spielerinnen und Spieler ihren sportlichen Weg beim JFV\u00a0Bergstra\u00dfe fort. Die SKG Ober-Beerbach ist aktives Mitglied dieses Jugendf\u00f6rdervereins und\u00a0bringt sich engagiert in dessen Arbeit ein.<\/p><p class=\"p1\">Der JFV Bergstra\u00dfe \u00fcbernimmt die sportliche Betreuung von der C- \u00fcber die\u00a0B- bis zur A-Jugend. So erm\u00f6glichen wir auch den \u00e4lteren Jugendlichen ein Training und\u00a0Spielbetrieb auf hohem Niveau mit lizenzierten Trainern, leistungsorientierten Teams und\u00a0einem durchdachten Konzept.<\/p>\t\t\t\t\t\t\t\t<\/div>\n\t\t\t\t<\/div>\n\t\t\t\t<\/div>\n\t\t\t\t<\/div>\n\t\t\t\t\t<\/div>\n\t\t\t\t<\/div>\n\t\t\t\t<\/div>\n\t\t","protected":false},"excerpt":{"rendered":"<p>Fu\u00dfball Jugendabteilungen 2019\/2020 wurde die Jugendabteilung der SKG Ober-Beerbach nach \u00fcber einem Jahrzehnt ohne eigene Jugendmannschaften neu gegr\u00fcndet. Ein wesentlicher Baustein unseres Erfolgs sind unsere engagierten und qualifizierten Trainerinnen und Trainer. Einige verf\u00fcgen \u00fcber offizielle Trainerlizenzen, andere\u00a0haben gezielte Fortbildungen im Kinder- und\u00a0Jugendfu\u00dfball absolviert. So stellen wir sicher, dass\u00a0unsere Kinder optimal gef\u00f6rdert werden, bei jedem Wetter, [&hellip;]<\/p>\n","protected":false},"author":2,"featured_media":0,"parent":0,"menu_order":0,"comment_status":"closed","ping_status":"closed","template":"","meta":{"footnotes":""},"class_list":["post-1112","page","type-page","status-publish","hentry"],"_links":{"self":[{"href":"https:\/\/skg-ober-beerbach.de\/index.php?rest_route=\/wp\/v2\/pages\/1112","targetHints":{"allow":["GET"]}}],"collection":[{"href":"https:\/\/skg-ober-beerbach.de\/index.php?rest_route=\/wp\/v2\/pages"}],"about":[{"href":"https:\/\/skg-ober-beerbach.de\/index.php?rest_route=\/wp\/v2\/types\/page"}],"author":[{"embeddable":true,"href":"https:\/\/skg-ober-beerbach.de\/index.php?rest_route=\/wp\/v2\/users\/2"}],"replies":[{"embeddable":true,"href":"https:\/\/skg-ober-beerbach.de\/index.php?rest_route=%2Fwp%2Fv2%2Fcomments&post=1112"}],"version-history":[{"count":42,"href":"https:\/\/skg-ober-beerbach.de\/index.php?rest_route=\/wp\/v2\/pages\/1112\/revisions"}],"predecessor-version":[{"id":2688,"href":"https:\/\/skg-ober-beerbach.de\/index.php?rest_route=\/wp\/v2\/pages\/1112\/revisions\/2688"}],"wp:attachment":[{"href":"https:\/\/skg-ober-beerbach.de\/index.php?rest_route=%2Fwp%2Fv2%2Fmedia&parent=1112"}],"curies":[{"name":"wp","href":"https:\/\/api.w.org\/{rel}","templated":true}]}}